{"id":1987,"date":"2022-12-26T10:43:35","date_gmt":"2022-12-26T09:43:35","guid":{"rendered":"https:\/\/www.campinglesviolettes.fr\/les-sables-dolonne\/"},"modified":"2022-12-26T11:40:44","modified_gmt":"2022-12-26T10:40:44","slug":"camping-sables-dolonne","status":"publish","type":"page","link":"https:\/\/www.campinglesviolettes.fr\/en\/camping-sables-dolonne\/","title":{"rendered":"Les Sables-d&#8217;Olonne"},"content":{"rendered":"<section id=\"ls-section-block_6540c46c7d9a3efc9b33965fb90938e6\" class=\"ls-section  home-first page-one\" >\r\n        <div class=\"container container--full\">\r\n        \n\n<h1 class=\"ls__heading has-text-align-center wp-block-heading\">Campsite near Les Sables-d&#8217;Olonne<\/h1>\n\n\n\n<div class=\"wp-block-columns are-vertically-aligned-center is-layout-flex wp-container-core-columns-is-layout-9d6595d7 wp-block-columns-is-layout-flex\">\n<div class=\"wp-block-column is-vertically-aligned-center animated fadeInLeft slow is-layout-flow wp-block-column-is-layout-flow\" style=\"flex-basis:50%\">\n<h2 class=\"ls__heading m-t-0 wp-block-heading\"><strong>Visit Les Sables-d&#8217;Olonne<\/strong><\/h2>\n\n\n\n<p class=\"ls-paragraph\"><a href=\"https:\/\/www.lessablesdolonne.fr\/\" target=\"_blank\" rel=\"noreferrer noopener nofollow\">Les Sables d&#8217;Olonne<\/a> is one of the <strong>most famous towns in the Vend\u00e9e<\/strong>, famous both for its <strong>beaches<\/strong> and for the <strong>Vend\u00e9e Globe.<\/strong> The city is about an hour away from <a href=\"\/\">Camping Les Violettes.<\/a><\/p>\n\n\n\n<p class=\"ls-paragraph\">The <strong>large beach<\/strong>, known as the <strong>most beautiful beach in Europe<\/strong>, awaits you for a moment of relaxation and lies on 3 km of fine sand. If you <strong>feel like a sportsman<\/strong>, go to the beach of Tanchet, a meeting place for <strong>water sports enthusiasts.<\/strong> At the edge of the forest, the beaches of Ganges and Sauveterre offer you a <strong>natural moment<\/strong>.<\/p>\n\n\n\n<p class=\"ls-paragraph\">Enjoy a <strong>wide range of activities in Les Sables d&#8217;Olonne<\/strong>: parachute jumping, horse riding, surfcasting, sand yachting, cycling, golf&#8230;<\/p>\n\n\n\n<p class=\"ls-paragraph\">The island has a <strong>rich heritage<\/strong>: rediscover the 1930s with the Remblai district or Le Passage located between the quays of the Port and the city centre to immerse yourself in the atmosphere of the seaside with <strong>typical fishermen&#8217;s houses.<\/strong><\/p>\n\n\n\n<p class=\"ls-paragraph addReadMore showlesscontent\">But the most surprising is the <strong>Penotte Island district<\/strong>, located in the centre of Les Sables d&#8217;Olonne. An <strong>artist<\/strong>, <strong>Mrs Arnaud-Aubin<\/strong>, decorates the walls of each house with frescoes and mosaics in shells. Known as the lady with the shell, and with the support of the inhabitants and the town hall, she turned the area into a real museum.<br\/><br\/>Let&#8217;s not forget the <strong>mythical Vend\u00e9e race<\/strong>, which takes place every 4 years in Les Sables. This famous single-handed round-the-world race is the only race in the world without assistance and without stopovers.<\/p>\n<\/div>\n\n\n\n<div class=\"wp-block-column is-vertically-aligned-center is-layout-flow wp-block-column-is-layout-flow\" style=\"flex-basis:50%\">\n<figure class=\"wp-block-gallery has-nested-images columns-2 is-cropped wp-block-gallery-1 is-layout-flex wp-block-gallery-is-layout-flex\">\n<figure class=\"wp-block-image size-full image-1 animated fadeInRight slow\"><a href=\"https:\/\/www.campinglesviolettes.fr\/wp-content\/uploads\/2022\/12\/golf.jpg\"><img decoding=\"async\" width=\"750\" height=\"656\" data-id=\"1045\" src=\"https:\/\/www.campinglesviolettes.fr\/wp-content\/uploads\/2022\/12\/golf.jpg\" alt=\"golf au sable d'olonne\" class=\"wp-image-1045\" srcset=\"https:\/\/www.campinglesviolettes.fr\/wp-content\/uploads\/2022\/12\/golf.jpg 750w, https:\/\/www.campinglesviolettes.fr\/wp-content\/uploads\/2022\/12\/golf-300x262.jpg 300w\" sizes=\"(max-width: 750px) 100vw, 750px\" \/><\/a><\/figure>\n\n\n\n<figure class=\"wp-block-image size-full image-4 animated fadeInRight delay-500ms slow\"><a href=\"https:\/\/www.campinglesviolettes.fr\/wp-content\/uploads\/2022\/12\/char-a-voile.jpg\"><img decoding=\"async\" width=\"750\" height=\"656\" data-id=\"1043\" src=\"https:\/\/www.campinglesviolettes.fr\/wp-content\/uploads\/2022\/12\/char-a-voile.jpg\" alt=\"visiter les sables olonne\" class=\"wp-image-1043\" srcset=\"https:\/\/www.campinglesviolettes.fr\/wp-content\/uploads\/2022\/12\/char-a-voile.jpg 750w, https:\/\/www.campinglesviolettes.fr\/wp-content\/uploads\/2022\/12\/char-a-voile-300x262.jpg 300w\" sizes=\"(max-width: 750px) 100vw, 750px\" \/><\/a><\/figure>\n<\/figure>\n<\/div>\n<\/div>\n\n\r\n    <\/div>\r\n<\/section><section id=\"ls-section-block_0e56573143e73f44491425973b2eef38\" class=\"ls-section  home-first page-one-bis has-background has-color-3-background-color\" >\r\n        <div class=\"container container--full\">\r\n        \n\n<div class=\"wp-block-columns are-vertically-aligned-center is-layout-flex wp-container-core-columns-is-layout-9d6595d7 wp-block-columns-is-layout-flex\">\n<div class=\"wp-block-column is-vertically-aligned-center is-layout-flow wp-block-column-is-layout-flow\" style=\"flex-basis:50%\">\n<figure class=\"wp-block-gallery has-nested-images columns-2 is-cropped wp-block-gallery-2 is-layout-flex wp-block-gallery-is-layout-flex\">\n<figure class=\"wp-block-image size-full image-1 animated fadeInRight slow\"><a href=\"https:\/\/www.campinglesviolettes.fr\/wp-content\/uploads\/2022\/12\/piscine-transat-farniente-carre.jpg\"><img decoding=\"async\" width=\"768\" height=\"768\" data-id=\"527\" src=\"https:\/\/www.campinglesviolettes.fr\/wp-content\/uploads\/2022\/12\/piscine-transat-farniente-carre.jpg\" alt=\"location mobil home sables olonne\" class=\"wp-image-527\" srcset=\"https:\/\/www.campinglesviolettes.fr\/wp-content\/uploads\/2022\/12\/piscine-transat-farniente-carre.jpg 768w, https:\/\/www.campinglesviolettes.fr\/wp-content\/uploads\/2022\/12\/piscine-transat-farniente-carre-300x300.jpg 300w, https:\/\/www.campinglesviolettes.fr\/wp-content\/uploads\/2022\/12\/piscine-transat-farniente-carre-150x150.jpg 150w\" sizes=\"(max-width: 768px) 100vw, 768px\" \/><\/a><\/figure>\n\n\n\n<figure class=\"wp-block-image size-full image-4 animated fadeInRight delay-500ms slow\"><a href=\"https:\/\/www.campinglesviolettes.fr\/wp-content\/uploads\/2022\/12\/mobil-home-les-violettes.jpg\"><img decoding=\"async\" width=\"750\" height=\"656\" data-id=\"1187\" src=\"https:\/\/www.campinglesviolettes.fr\/wp-content\/uploads\/2022\/12\/mobil-home-les-violettes.jpg\" alt=\"camping proche sables olonne\" class=\"wp-image-1187\" srcset=\"https:\/\/www.campinglesviolettes.fr\/wp-content\/uploads\/2022\/12\/mobil-home-les-violettes.jpg 750w, https:\/\/www.campinglesviolettes.fr\/wp-content\/uploads\/2022\/12\/mobil-home-les-violettes-300x262.jpg 300w\" sizes=\"(max-width: 750px) 100vw, 750px\" \/><\/a><\/figure>\n<\/figure>\n<\/div>\n\n\n\n<div class=\"wp-block-column is-vertically-aligned-center animated fadeInLeft slow is-layout-flow wp-block-column-is-layout-flow\" style=\"flex-basis:50%\">\n<h2 class=\"ls-heading wp-block-heading\">Mobile home rental 57 km from Les Sables-d&#8217;Olonne<\/h2>\n\n\n\n<p class=\"ls-paragraph\">Would you like to rent a mobile home near Les Sables-d&#8217;Olonne? Our <a href=\"\/\">Les Violettes campsite<\/a> is only 57km from this destination, making it one of the best options for visiting the area. You can choose between <strong>renting a mobile home near Les Sables d&#8217;Olonn<\/strong>e and <strong>renting a chalet near Les Sables d&#8217;Olonne.<\/strong><\/p>\n\n\n\n<p class=\"ls-paragraph\">In addition to being ideally located, our campsite near Les Sables-d&#8217;Olonne allows you to take advantage of the <strong>best rates and an unbeatable quality\/price ratio.<\/strong><\/p>\n\n\n\n<p class=\"ls-paragraph\">Choose you<strong>r accommodation for 2, 4\/6 or 6 people<\/strong> and discover the region while enjoying the comfort of our <strong>modern and fully equipped mobile homes!<\/strong><\/p>\n\n\n\r\n<a href=\"\/location-mobil-home-faute-sur-mer\/\" id=\"ls-button-block_d7d4592e52ec48ee951e25a7df64b645\" target=\"\" rel=\"\" class=\"ls-button\">\r\n    <span>See our mobile homes<\/span>\r\n    <i class='violettes-plus'><\/i>\r\n<\/a><\/div>\n<\/div>\n\n\r\n    <\/div>\r\n<\/section><section id=\"ls-section-block_061613764a4bac8233671406010ab414\" class=\"ls-section  page-two animated fadeIn slow has-background-image has-parallax\" >\r\n    <div class=\"ls-section__background-image opacity-100\"><img decoding=\"async\" src=\"https:\/\/www.campinglesviolettes.fr\/wp-content\/uploads\/2022\/12\/plage-sable-dolonne.jpg\" alt=\"plage sables d'olonne\"><\/div>    <div class=\"container container--small\">\r\n        \n\n<h2 class=\"ls__heading has-text-align-center wp-block-heading\">Campsite with water park near Les Sables-d&#8217;Olonne<\/h2>\n\n\n\n<p class=\"ls-paragraph has-text-align-center\">Are you looking for a campsite with a <strong>heated indoor pool<\/strong> near Les Sables-d&#8217;Olonne? A <strong>waterslide<\/strong> near Les Sables-d&#8217;Olonne?<\/p>\n\n\n\n<p class=\"ls-paragraph has-text-align-center\">Not only is our campsite located near Les Sables-d&#8217;Olonne, but it also has an <strong>aquatic area that is 100% comfortable.<\/strong> Enjoy a heated aquatic area near Les Sables-d&#8217;Olonne at the best price!<\/p>\n\n\n\n<p class=\"ls-paragraph has-text-align-center\">Heated indoor pool for bad weather days or outdoor pool area with fun slide and deck chairs will be available during your stay. Don&#8217;t miss this opportunity and come and relax at our Les Violettes campsite!<\/p>\n\n\n\r\n<a href=\"https:\/\/www.campinglesviolettes.fr\/camping-espace-aquatique-faute-sur-mer\/\" id=\"ls-button-block_be194dbc7a61e2be74456bffb8508143\" target=\"\" rel=\"\" class=\"ls-button aligncenter\">\r\n    <span>Discover the pool<\/span>\r\n    <i class='violettes-plus'><\/i>\r\n<\/a>\n\r\n    <\/div>\r\n<\/section><section id=\"ls-section-block_5a30b463facdb6b1970d7581c8450206\" class=\"ls-section  page-maillage m-t-0\" >\r\n        <div class=\"container container--wide\">\r\n        \n\n<div id=\"ls-heading ls-titre-div-block_6061f0cdabfb145304dd320281dbae1f\" class=\"ls-titre-div aligncenter h2-like\" >\n    What to see in the <strong>surroundings<\/strong><\/div>\n\n\n<div id=\"ls-maillage-block_b59307d89e2a71e26aef1cdd381ef50c\" class=\"ls-maillage cta-style-normal\" data-rows=\"3\">\r\n    <div class=\"wp-block-columns\"><div class=\"wp-block-column\"><div class=\"ls-cta\">\n\n<a href=\"https:\/\/www.campinglesviolettes.fr\/en\/campsite-re-island\/\" target=\"\" rel=\"noopener\" class=\"ls-cta__link\">\n\n\t<div class=\"ls-cta__image\"><img decoding=\"async\" src=\"https:\/\/www.campinglesviolettes.fr\/wp-content\/uploads\/2022\/12\/il-de-re-plage.jpg\" alt=\"il de r\u00e9 plage\"><\/div>\t<div class=\"ls-cta__content\">\n\t\t<div class=\"ls-cta__title\">\n\t\t\tL&#8217;Ile de R\u00e9\t\t<\/div>\n\n\t\t\t<\/div>\n\t<span class=\"violettes-plus\"><\/span>\n<\/a><\/div><\/div><div class=\"wp-block-column\"><div class=\"ls-cta\">\n\n<a href=\"https:\/\/www.campinglesviolettes.fr\/en\/camping-tranche-sur-mer\/\" target=\"\" rel=\"noopener\" class=\"ls-cta__link\">\n\n\t<div class=\"ls-cta__image\"><img decoding=\"async\" src=\"https:\/\/www.campinglesviolettes.fr\/wp-content\/uploads\/2022\/12\/plage-tranche-sur-mer.jpg\" alt=\"plage tranche sur mer\"><\/div>\t<div class=\"ls-cta__content\">\n\t\t<div class=\"ls-cta__title\">\n\t\t\tLa Tranche-sur-Mer\t\t<\/div>\n\n\t\t\t<\/div>\n\t<span class=\"violettes-plus\"><\/span>\n<\/a><\/div><\/div><div class=\"wp-block-column\"><div class=\"ls-cta\">\n\n<a href=\"https:\/\/www.campinglesviolettes.fr\/en\/beaches-forest-faute-mer\/\" target=\"\" rel=\"noopener\" class=\"ls-cta__link\">\n\n\t<div class=\"ls-cta__image\"><img decoding=\"async\" src=\"https:\/\/www.campinglesviolettes.fr\/wp-content\/uploads\/2022\/12\/plage-768x512.jpg\" alt=\"plage la faute sur mer\"><\/div>\t<div class=\"ls-cta__content\">\n\t\t<div class=\"ls-cta__title\">\n\t\t\tBeaches and activities in La Faute\t\t<\/div>\n\n\t\t\t<\/div>\n\t<span class=\"violettes-plus\"><\/span>\n<\/a><\/div><\/div><\/div><\/div>\n\r\n    <\/div>\r\n<\/section>","protected":false},"excerpt":{"rendered":"","protected":false},"author":1,"featured_media":1050,"parent":0,"menu_order":0,"comment_status":"closed","ping_status":"closed","template":"","meta":{"_acf_changed":false,"footnotes":""},"sujet":[],"class_list":["post-1987","page","type-page","status-publish","has-post-thumbnail","hentry"],"acf":[],"yoast_head":"<!-- This site is optimized with the Yoast SEO plugin v25.3 - https:\/\/yoast.com\/wordpress\/plugins\/seo\/ -->\n<title>Camping near Sables d&#039;Olonne | Tourism Sables d&#039;Olonne<\/title>\n<meta name=\"description\" content=\"Campsite near Les Sables d&#039;Olonne seaside Vend\u00e9e starting city of the Vend\u00e9e Globe - campsite with direct access to beach Vend\u00e9e\" \/>\n<meta name=\"robots\" content=\"index, follow, max-snippet:-1, max-image-preview:large, max-video-preview:-1\" \/>\n<link rel=\"canonical\" href=\"https:\/\/www.campinglesviolettes.fr\/en\/camping-sables-dolonne\/\" \/>\n<meta property=\"og:locale\" content=\"en_US\" \/>\n<meta property=\"og:type\" content=\"article\" \/>\n<meta property=\"og:title\" content=\"Camping near Sables d&#039;Olonne | Tourism Sables d&#039;Olonne\" \/>\n<meta property=\"og:description\" content=\"Campsite near Les Sables d&#039;Olonne seaside Vend\u00e9e starting city of the Vend\u00e9e Globe - campsite with direct access to beach Vend\u00e9e\" \/>\n<meta property=\"og:url\" content=\"https:\/\/www.campinglesviolettes.fr\/en\/camping-sables-dolonne\/\" \/>\n<meta property=\"og:site_name\" content=\"Camping Les Violettes\" \/>\n<meta property=\"article:modified_time\" content=\"2022-12-26T10:40:44+00:00\" \/>\n<meta property=\"og:image\" content=\"https:\/\/www.campinglesviolettes.fr\/wp-content\/uploads\/2022\/12\/plage-famille-2.jpg\" \/>\n\t<meta property=\"og:image:width\" content=\"1750\" \/>\n\t<meta property=\"og:image:height\" content=\"656\" \/>\n\t<meta property=\"og:image:type\" content=\"image\/jpeg\" \/>\n<meta name=\"twitter:card\" content=\"summary_large_image\" \/>\n<meta name=\"twitter:label1\" content=\"Est. reading time\" \/>\n\t<meta name=\"twitter:data1\" content=\"2 minutes\" \/>\n<script type=\"application\/ld+json\" class=\"yoast-schema-graph\">{\"@context\":\"https:\/\/schema.org\",\"@graph\":[{\"@type\":\"WebPage\",\"@id\":\"https:\/\/www.campinglesviolettes.fr\/en\/camping-sables-dolonne\/\",\"url\":\"https:\/\/www.campinglesviolettes.fr\/en\/camping-sables-dolonne\/\",\"name\":\"Camping near Sables d'Olonne | Tourism Sables d'Olonne\",\"isPartOf\":{\"@id\":\"https:\/\/www.campinglesviolettes.fr\/#website\"},\"primaryImageOfPage\":{\"@id\":\"https:\/\/www.campinglesviolettes.fr\/en\/camping-sables-dolonne\/#primaryimage\"},\"image\":{\"@id\":\"https:\/\/www.campinglesviolettes.fr\/en\/camping-sables-dolonne\/#primaryimage\"},\"thumbnailUrl\":\"https:\/\/www.campinglesviolettes.fr\/wp-content\/uploads\/2022\/12\/plage-famille-2.jpg\",\"datePublished\":\"2022-12-26T09:43:35+00:00\",\"dateModified\":\"2022-12-26T10:40:44+00:00\",\"description\":\"Campsite near Les Sables d'Olonne seaside Vend\u00e9e starting city of the Vend\u00e9e Globe - campsite with direct access to beach Vend\u00e9e\",\"breadcrumb\":{\"@id\":\"https:\/\/www.campinglesviolettes.fr\/en\/camping-sables-dolonne\/#breadcrumb\"},\"inLanguage\":\"en-US\",\"potentialAction\":[{\"@type\":\"ReadAction\",\"target\":[\"https:\/\/www.campinglesviolettes.fr\/en\/camping-sables-dolonne\/\"]}]},{\"@type\":\"ImageObject\",\"inLanguage\":\"en-US\",\"@id\":\"https:\/\/www.campinglesviolettes.fr\/en\/camping-sables-dolonne\/#primaryimage\",\"url\":\"https:\/\/www.campinglesviolettes.fr\/wp-content\/uploads\/2022\/12\/plage-famille-2.jpg\",\"contentUrl\":\"https:\/\/www.campinglesviolettes.fr\/wp-content\/uploads\/2022\/12\/plage-famille-2.jpg\",\"width\":1750,\"height\":656,\"caption\":\"plage famille\"},{\"@type\":\"BreadcrumbList\",\"@id\":\"https:\/\/www.campinglesviolettes.fr\/en\/camping-sables-dolonne\/#breadcrumb\",\"itemListElement\":[{\"@type\":\"ListItem\",\"position\":1,\"name\":\"Camping Vend\u00e9e\",\"item\":\"https:\/\/www.campinglesviolettes.fr\/en\/\"},{\"@type\":\"ListItem\",\"position\":2,\"name\":\"Camping near Les Sables d'Olonne\"}]},{\"@type\":\"WebSite\",\"@id\":\"https:\/\/www.campinglesviolettes.fr\/#website\",\"url\":\"https:\/\/www.campinglesviolettes.fr\/\",\"name\":\"Camping Les Violettes\",\"description\":\"\",\"publisher\":{\"@id\":\"https:\/\/www.campinglesviolettes.fr\/#organization\"},\"potentialAction\":[{\"@type\":\"SearchAction\",\"target\":{\"@type\":\"EntryPoint\",\"urlTemplate\":\"https:\/\/www.campinglesviolettes.fr\/?s={search_term_string}\"},\"query-input\":{\"@type\":\"PropertyValueSpecification\",\"valueRequired\":true,\"valueName\":\"search_term_string\"}}],\"inLanguage\":\"en-US\"},{\"@type\":\"Organization\",\"@id\":\"https:\/\/www.campinglesviolettes.fr\/#organization\",\"name\":\"Camping Les Violettes\",\"url\":\"https:\/\/www.campinglesviolettes.fr\/\",\"logo\":{\"@type\":\"ImageObject\",\"inLanguage\":\"en-US\",\"@id\":\"https:\/\/www.campinglesviolettes.fr\/#\/schema\/logo\/image\/\",\"url\":\"https:\/\/www.campinglesviolettes.fr\/wp-content\/uploads\/2022\/12\/logo-camping-les-violettes.png\",\"contentUrl\":\"https:\/\/www.campinglesviolettes.fr\/wp-content\/uploads\/2022\/12\/logo-camping-les-violettes.png\",\"width\":261,\"height\":289,\"caption\":\"Camping Les Violettes\"},\"image\":{\"@id\":\"https:\/\/www.campinglesviolettes.fr\/#\/schema\/logo\/image\/\"}}]}<\/script>\n<!-- \/ Yoast SEO plugin. -->","yoast_head_json":{"title":"Camping near Sables d'Olonne | Tourism Sables d'Olonne","description":"Campsite near Les Sables d'Olonne seaside Vend\u00e9e starting city of the Vend\u00e9e Globe - campsite with direct access to beach Vend\u00e9e","robots":{"index":"index","follow":"follow","max-snippet":"max-snippet:-1","max-image-preview":"max-image-preview:large","max-video-preview":"max-video-preview:-1"},"canonical":"https:\/\/www.campinglesviolettes.fr\/en\/camping-sables-dolonne\/","og_locale":"en_US","og_type":"article","og_title":"Camping near Sables d'Olonne | Tourism Sables d'Olonne","og_description":"Campsite near Les Sables d'Olonne seaside Vend\u00e9e starting city of the Vend\u00e9e Globe - campsite with direct access to beach Vend\u00e9e","og_url":"https:\/\/www.campinglesviolettes.fr\/en\/camping-sables-dolonne\/","og_site_name":"Camping Les Violettes","article_modified_time":"2022-12-26T10:40:44+00:00","og_image":[{"width":1750,"height":656,"url":"https:\/\/www.campinglesviolettes.fr\/wp-content\/uploads\/2022\/12\/plage-famille-2.jpg","type":"image\/jpeg"}],"twitter_card":"summary_large_image","twitter_misc":{"Est. reading time":"2 minutes"},"schema":{"@context":"https:\/\/schema.org","@graph":[{"@type":"WebPage","@id":"https:\/\/www.campinglesviolettes.fr\/en\/camping-sables-dolonne\/","url":"https:\/\/www.campinglesviolettes.fr\/en\/camping-sables-dolonne\/","name":"Camping near Sables d'Olonne | Tourism Sables d'Olonne","isPartOf":{"@id":"https:\/\/www.campinglesviolettes.fr\/#website"},"primaryImageOfPage":{"@id":"https:\/\/www.campinglesviolettes.fr\/en\/camping-sables-dolonne\/#primaryimage"},"image":{"@id":"https:\/\/www.campinglesviolettes.fr\/en\/camping-sables-dolonne\/#primaryimage"},"thumbnailUrl":"https:\/\/www.campinglesviolettes.fr\/wp-content\/uploads\/2022\/12\/plage-famille-2.jpg","datePublished":"2022-12-26T09:43:35+00:00","dateModified":"2022-12-26T10:40:44+00:00","description":"Campsite near Les Sables d'Olonne seaside Vend\u00e9e starting city of the Vend\u00e9e Globe - campsite with direct access to beach Vend\u00e9e","breadcrumb":{"@id":"https:\/\/www.campinglesviolettes.fr\/en\/camping-sables-dolonne\/#breadcrumb"},"inLanguage":"en-US","potentialAction":[{"@type":"ReadAction","target":["https:\/\/www.campinglesviolettes.fr\/en\/camping-sables-dolonne\/"]}]},{"@type":"ImageObject","inLanguage":"en-US","@id":"https:\/\/www.campinglesviolettes.fr\/en\/camping-sables-dolonne\/#primaryimage","url":"https:\/\/www.campinglesviolettes.fr\/wp-content\/uploads\/2022\/12\/plage-famille-2.jpg","contentUrl":"https:\/\/www.campinglesviolettes.fr\/wp-content\/uploads\/2022\/12\/plage-famille-2.jpg","width":1750,"height":656,"caption":"plage famille"},{"@type":"BreadcrumbList","@id":"https:\/\/www.campinglesviolettes.fr\/en\/camping-sables-dolonne\/#breadcrumb","itemListElement":[{"@type":"ListItem","position":1,"name":"Camping Vend\u00e9e","item":"https:\/\/www.campinglesviolettes.fr\/en\/"},{"@type":"ListItem","position":2,"name":"Camping near Les Sables d'Olonne"}]},{"@type":"WebSite","@id":"https:\/\/www.campinglesviolettes.fr\/#website","url":"https:\/\/www.campinglesviolettes.fr\/","name":"Camping Les Violettes","description":"","publisher":{"@id":"https:\/\/www.campinglesviolettes.fr\/#organization"},"potentialAction":[{"@type":"SearchAction","target":{"@type":"EntryPoint","urlTemplate":"https:\/\/www.campinglesviolettes.fr\/?s={search_term_string}"},"query-input":{"@type":"PropertyValueSpecification","valueRequired":true,"valueName":"search_term_string"}}],"inLanguage":"en-US"},{"@type":"Organization","@id":"https:\/\/www.campinglesviolettes.fr\/#organization","name":"Camping Les Violettes","url":"https:\/\/www.campinglesviolettes.fr\/","logo":{"@type":"ImageObject","inLanguage":"en-US","@id":"https:\/\/www.campinglesviolettes.fr\/#\/schema\/logo\/image\/","url":"https:\/\/www.campinglesviolettes.fr\/wp-content\/uploads\/2022\/12\/logo-camping-les-violettes.png","contentUrl":"https:\/\/www.campinglesviolettes.fr\/wp-content\/uploads\/2022\/12\/logo-camping-les-violettes.png","width":261,"height":289,"caption":"Camping Les Violettes"},"image":{"@id":"https:\/\/www.campinglesviolettes.fr\/#\/schema\/logo\/image\/"}}]}},"_links":{"self":[{"href":"https:\/\/www.campinglesviolettes.fr\/en\/wp-json\/wp\/v2\/pages\/1987","targetHints":{"allow":["GET"]}}],"collection":[{"href":"https:\/\/www.campinglesviolettes.fr\/en\/wp-json\/wp\/v2\/pages"}],"about":[{"href":"https:\/\/www.campinglesviolettes.fr\/en\/wp-json\/wp\/v2\/types\/page"}],"author":[{"embeddable":true,"href":"https:\/\/www.campinglesviolettes.fr\/en\/wp-json\/wp\/v2\/users\/1"}],"replies":[{"embeddable":true,"href":"https:\/\/www.campinglesviolettes.fr\/en\/wp-json\/wp\/v2\/comments?post=1987"}],"version-history":[{"count":2,"href":"https:\/\/www.campinglesviolettes.fr\/en\/wp-json\/wp\/v2\/pages\/1987\/revisions"}],"predecessor-version":[{"id":1989,"href":"https:\/\/www.campinglesviolettes.fr\/en\/wp-json\/wp\/v2\/pages\/1987\/revisions\/1989"}],"wp:featuredmedia":[{"embeddable":true,"href":"https:\/\/www.campinglesviolettes.fr\/en\/wp-json\/wp\/v2\/media\/1050"}],"wp:attachment":[{"href":"https:\/\/www.campinglesviolettes.fr\/en\/wp-json\/wp\/v2\/media?parent=1987"}],"wp:term":[{"taxonomy":"sujet","embeddable":true,"href":"https:\/\/www.campinglesviolettes.fr\/en\/wp-json\/wp\/v2\/sujet?post=1987"}],"curies":[{"name":"wp","href":"https:\/\/api.w.org\/{rel}","templated":true}]}}