{"id":1971,"date":"2022-12-26T10:15:31","date_gmt":"2022-12-26T09:15:31","guid":{"rendered":"https:\/\/www.campinglesviolettes.fr\/lile-de-re\/"},"modified":"2022-12-26T13:44:11","modified_gmt":"2022-12-26T12:44:11","slug":"campsite-re-island","status":"publish","type":"page","link":"https:\/\/www.campinglesviolettes.fr\/en\/campsite-re-island\/","title":{"rendered":"L&#8217;ile de r\u00e9"},"content":{"rendered":"<section id=\"ls-section-block_189f19adf80d0f78a022addf5a8f2eec\" class=\"ls-section  home-first page-one\" >\r\n        <div class=\"container container--full\">\r\n        \n\n<h1 class=\"ls__heading has-text-align-center wp-block-heading\">Camping near the Ile de R\u00e9<\/h1>\n\n\n\n<div class=\"wp-block-columns are-vertically-aligned-center is-layout-flex wp-container-core-columns-is-layout-9d6595d7 wp-block-columns-is-layout-flex\">\n<div class=\"wp-block-column is-vertically-aligned-center animated fadeInLeft slow is-layout-flow wp-block-column-is-layout-flow\" style=\"flex-basis:50%\">\n<h2 class=\"ls__heading m-t-0 wp-block-heading\"><strong>Visit the Ile de R\u00e9 during your stay<\/strong><\/h2>\n\n\n\n<p class=\"ls-paragraph\">This island, nicknamed &#8220;R\u00e9 la Blanche&#8221; because of the <strong>white walls of its houses<\/strong>, offers a total change of scenery and thousands of discoveries. Situated 1h30 from <a href=\"\/en\/\">Les Violettes campsite<\/a>, the Ile de R\u00e9 is one of the jewels of the Atlantic coast.<\/p>\n\n\n\n<p class=\"ls-paragraph\">Its ten villages take you through its beaches, salt marshes, ports, forests and marinas.<\/p>\n\n\n\n<p class=\"ls-paragraph\">Visit the famous 57-metre high <strong>Baleines lighthouse<\/strong>, which gives you a <strong>great view of the ocean.<\/strong> Immerse yourself in the heart of the Middle Ages by visiting the <strong>Vauban citadel<\/strong>, with its enclosure and its <strong>two ports, as well as the Fort de la Pr\u00e9e<\/strong> located in La Flotte.<\/p>\n<\/div>\n\n\n\n<div class=\"wp-block-column is-vertically-aligned-center is-layout-flow wp-block-column-is-layout-flow\" style=\"flex-basis:50%\">\n<figure class=\"wp-block-gallery has-nested-images columns-2 is-cropped wp-block-gallery-1 is-layout-flex wp-block-gallery-is-layout-flex\">\n<figure class=\"wp-block-image size-full image-1 animated fadeInRight slow\"><a href=\"https:\/\/www.campinglesviolettes.fr\/wp-content\/uploads\/2022\/12\/il-de-re-plage-coucher-de-soeleil.jpg\"><img decoding=\"async\" width=\"750\" height=\"656\" data-id=\"984\" src=\"https:\/\/www.campinglesviolettes.fr\/wp-content\/uploads\/2022\/12\/il-de-re-plage-coucher-de-soeleil.jpg\" alt=\"il de r\u00e9 plage tourisme\" class=\"wp-image-984\" srcset=\"https:\/\/www.campinglesviolettes.fr\/wp-content\/uploads\/2022\/12\/il-de-re-plage-coucher-de-soeleil.jpg 750w, https:\/\/www.campinglesviolettes.fr\/wp-content\/uploads\/2022\/12\/il-de-re-plage-coucher-de-soeleil-300x262.jpg 300w\" sizes=\"(max-width: 750px) 100vw, 750px\" \/><\/a><\/figure>\n\n\n\n<figure class=\"wp-block-image size-full image-4 animated fadeInRight delay-500ms slow\"><a href=\"https:\/\/www.campinglesviolettes.fr\/wp-content\/uploads\/2022\/12\/il-de-re-bateau.jpg\"><img decoding=\"async\" width=\"750\" height=\"656\" data-id=\"997\" src=\"https:\/\/www.campinglesviolettes.fr\/wp-content\/uploads\/2022\/12\/il-de-re-bateau.jpg\" alt=\"camping proche il de r\u00e9\" class=\"wp-image-997\" srcset=\"https:\/\/www.campinglesviolettes.fr\/wp-content\/uploads\/2022\/12\/il-de-re-bateau.jpg 750w, https:\/\/www.campinglesviolettes.fr\/wp-content\/uploads\/2022\/12\/il-de-re-bateau-300x262.jpg 300w\" sizes=\"(max-width: 750px) 100vw, 750px\" \/><\/a><\/figure>\n<\/figure>\n<\/div>\n<\/div>\n\n\r\n    <\/div>\r\n<\/section>\n\n<section id=\"ls-section-block_ca4015609d9a080a680c7a977758df72\" class=\"ls-section  home-first page-one-bis has-background has-color-3-background-color\" >\r\n        <div class=\"container container--full\">\r\n        \n\n<div class=\"wp-block-columns are-vertically-aligned-center is-layout-flex wp-container-core-columns-is-layout-9d6595d7 wp-block-columns-is-layout-flex\">\n<div class=\"wp-block-column is-vertically-aligned-center is-layout-flow wp-block-column-is-layout-flow\" style=\"flex-basis:50%\">\n<figure class=\"wp-block-gallery has-nested-images columns-2 is-cropped wp-block-gallery-2 is-layout-flex wp-block-gallery-is-layout-flex\">\n<figure class=\"wp-block-image size-full image-1 animated fadeInRight slow\"><a href=\"https:\/\/www.campinglesviolettes.fr\/wp-content\/uploads\/2022\/12\/port-il-de-re.jpg\"><img decoding=\"async\" width=\"750\" height=\"656\" data-id=\"999\" src=\"https:\/\/www.campinglesviolettes.fr\/wp-content\/uploads\/2022\/12\/port-il-de-re.jpg\" alt=\"plages il de r\u00e9\" class=\"wp-image-999\" srcset=\"https:\/\/www.campinglesviolettes.fr\/wp-content\/uploads\/2022\/12\/port-il-de-re.jpg 750w, https:\/\/www.campinglesviolettes.fr\/wp-content\/uploads\/2022\/12\/port-il-de-re-300x262.jpg 300w\" sizes=\"(max-width: 750px) 100vw, 750px\" \/><\/a><\/figure>\n\n\n\n<figure class=\"wp-block-image size-full image-4 animated fadeInRight delay-500ms slow\"><a href=\"https:\/\/www.campinglesviolettes.fr\/wp-content\/uploads\/2022\/12\/il-de-re-plage.jpg\"><img decoding=\"async\" width=\"750\" height=\"656\" data-id=\"1003\" src=\"https:\/\/www.campinglesviolettes.fr\/wp-content\/uploads\/2022\/12\/il-de-re-plage.jpg\" alt=\"hebergement ile de re\" class=\"wp-image-1003\" srcset=\"https:\/\/www.campinglesviolettes.fr\/wp-content\/uploads\/2022\/12\/il-de-re-plage.jpg 750w, https:\/\/www.campinglesviolettes.fr\/wp-content\/uploads\/2022\/12\/il-de-re-plage-300x262.jpg 300w\" sizes=\"(max-width: 750px) 100vw, 750px\" \/><\/a><\/figure>\n<\/figure>\n<\/div>\n\n\n\n<div class=\"wp-block-column is-vertically-aligned-center animated fadeInLeft slow is-layout-flow wp-block-column-is-layout-flow\" style=\"flex-basis:50%\">\n<h2 class=\"ls-heading wp-block-heading\">The Ile de R\u00e9 and its beautiful beaches<\/h2>\n\n\n\n<p class=\"ls-paragraph\">Enjoy the beaches of the Ile de R\u00e9 which stretch over 100 km. The <strong>fine sandy beaches<\/strong> are to the south and west of the island (Bois Plage, La Couarde) protected by dunes and forests. To the north and east, more <strong>rocky beaches<\/strong> such as those of Saint Martin and La Flotte.<\/p>\n<\/div>\n<\/div>\n\n\r\n    <\/div>\r\n<\/section>\n\n<section id=\"ls-section-block_1cce5d584a4c3dc7db659c6a171665ea\" class=\"ls-section  page-two animated fadeIn slow has-background-image has-parallax\" >\r\n    <div class=\"ls-section__background-image opacity-100\"><img decoding=\"async\" src=\"https:\/\/www.campinglesviolettes.fr\/wp-content\/uploads\/2022\/12\/velo-en-famille-il-de-re.jpg\" alt=\"vela en famille il de r\u00e9\"><\/div>    <div class=\"container container--small\">\r\n        \n\n<h2 class=\"ls__heading has-text-align-center wp-block-heading\">Cycle paths on the Ile de R\u00e9<\/h2>\n\n\n\n<p class=\"ls-paragraph has-text-align-center\">The <a href=\"https:\/\/www.iledere.com\/\">island of R\u00e9<\/a> also has <strong>110 km of cycle paths.<\/strong> Cross them and discover the salt marshes, the vineyards, the wild moors and take short breaks to enjoy the local products such as oysters and the famous potato!<\/p>\n\n\n\n<p class=\"ls-paragraph has-text-align-center\">Finally, conclude this enchanting day with a <strong>stroll through the ports<\/strong> and especially <strong>Saint Martin en R\u00e9,<\/strong> the island&#8217;s little jewel. Stroll the shopping streets in search of <strong>local treasures<\/strong> and enjoy an ice cream on the harbour, admiring the beauty of the island.<\/p>\n\n\r\n    <\/div>\r\n<\/section>\n\n<section id=\"ls-section-block_ed3282502b101158b3d49e3aa2c34f11\" class=\"ls-section  page-maillage m-t-0\" >\r\n        <div class=\"container container--wide\">\r\n        \n\n<div id=\"ls-heading ls-titre-div-block_ad917e2db391185bd6f1672b068a9728\" class=\"ls-titre-div aligncenter h2-like\" >\n    To be discovered in the <strong>vicinity<\/strong><\/div>\n\n\n<div id=\"ls-maillage-block_7433fd9d2ea44681e0b5157136a8f8da\" class=\"ls-maillage cta-style-normal\" data-rows=\"3\">\r\n    <div class=\"wp-block-columns\"><div class=\"wp-block-column\"><div class=\"ls-cta\">\n\n<a href=\"https:\/\/www.campinglesviolettes.fr\/en\/camping-la-rochelle\/\" target=\"\" rel=\"noopener\" class=\"ls-cta__link\">\n\n\t<div class=\"ls-cta__image\"><img decoding=\"async\" src=\"https:\/\/www.campinglesviolettes.fr\/wp-content\/uploads\/2022\/12\/port-de-la-rochelle.jpg\" alt=\"port de la rochelle\"><\/div>\t<div class=\"ls-cta__content\">\n\t\t<div class=\"ls-cta__title\">\n\t\t\tLa Rochelle\t\t<\/div>\n\n\t\t\t<\/div>\n\t<span class=\"violettes-plus\"><\/span>\n<\/a><\/div><\/div><div class=\"wp-block-column\"><div class=\"ls-cta\">\n\n<a href=\"https:\/\/www.campinglesviolettes.fr\/en\/camping-tranche-sur-mer\/\" target=\"\" rel=\"noopener\" class=\"ls-cta__link\">\n\n\t<div class=\"ls-cta__image\"><img decoding=\"async\" src=\"https:\/\/www.campinglesviolettes.fr\/wp-content\/uploads\/2022\/12\/plage-tranche-sur-mer.jpg\" alt=\"plage tranche sur mer\"><\/div>\t<div class=\"ls-cta__content\">\n\t\t<div class=\"ls-cta__title\">\n\t\t\tLa Tranche-sur-Mer\t\t<\/div>\n\n\t\t\t<\/div>\n\t<span class=\"violettes-plus\"><\/span>\n<\/a><\/div><\/div><div class=\"wp-block-column\"><div class=\"ls-cta\">\n\n<a href=\"https:\/\/www.campinglesviolettes.fr\/en\/camping-sables-dolonne\/\" target=\"\" rel=\"noopener\" class=\"ls-cta__link\">\n\n\t<div class=\"ls-cta__image\"><img decoding=\"async\" src=\"https:\/\/www.campinglesviolettes.fr\/wp-content\/uploads\/2022\/12\/les-sables-d-olonne.jpg\" alt=\"les sables d olonne\"><\/div>\t<div class=\"ls-cta__content\">\n\t\t<div class=\"ls-cta__title\">\n\t\t\tLes Sables-d&#8217;Olonne\t\t<\/div>\n\n\t\t\t<\/div>\n\t<span class=\"violettes-plus\"><\/span>\n<\/a><\/div><\/div><\/div><\/div>\n\r\n    <\/div>\r\n<\/section>","protected":false},"excerpt":{"rendered":"","protected":false},"author":1,"featured_media":987,"parent":0,"menu_order":0,"comment_status":"closed","ping_status":"closed","template":"","meta":{"_acf_changed":false,"footnotes":""},"sujet":[],"class_list":["post-1971","page","type-page","status-publish","has-post-thumbnail","hentry"],"acf":[],"yoast_head":"<!-- This site is optimized with the Yoast SEO plugin v25.3 - https:\/\/yoast.com\/wordpress\/plugins\/seo\/ -->\n<title>Camping near Ile de R\u00e9 | Visits, activities to do on the Ile de R\u00e9<\/title>\n<meta name=\"description\" content=\"Discover the island of R\u00e9 from the 4-star Les Violettes campsite, ideally located on the seafront with a sea view and direct access to the beach for your holidays\" \/>\n<meta name=\"robots\" content=\"index, follow, max-snippet:-1, max-image-preview:large, max-video-preview:-1\" \/>\n<link rel=\"canonical\" href=\"https:\/\/www.campinglesviolettes.fr\/en\/campsite-re-island\/\" \/>\n<meta property=\"og:locale\" content=\"en_US\" \/>\n<meta property=\"og:type\" content=\"article\" \/>\n<meta property=\"og:title\" content=\"Camping near Ile de R\u00e9 | Visits, activities to do on the Ile de R\u00e9\" \/>\n<meta property=\"og:description\" content=\"Discover the island of R\u00e9 from the 4-star Les Violettes campsite, ideally located on the seafront with a sea view and direct access to the beach for your holidays\" \/>\n<meta property=\"og:url\" content=\"https:\/\/www.campinglesviolettes.fr\/en\/campsite-re-island\/\" \/>\n<meta property=\"og:site_name\" content=\"Camping Les Violettes\" \/>\n<meta property=\"article:modified_time\" content=\"2022-12-26T12:44:11+00:00\" \/>\n<meta property=\"og:image\" content=\"https:\/\/www.campinglesviolettes.fr\/wp-content\/uploads\/2022\/12\/il-de-re-phare.jpg\" \/>\n\t<meta property=\"og:image:width\" content=\"1750\" \/>\n\t<meta property=\"og:image:height\" content=\"656\" \/>\n\t<meta property=\"og:image:type\" content=\"image\/jpeg\" \/>\n<meta name=\"twitter:card\" content=\"summary_large_image\" \/>\n<meta name=\"twitter:label1\" content=\"Est. reading time\" \/>\n\t<meta name=\"twitter:data1\" content=\"3 minutes\" \/>\n<script type=\"application\/ld+json\" class=\"yoast-schema-graph\">{\"@context\":\"https:\/\/schema.org\",\"@graph\":[{\"@type\":\"WebPage\",\"@id\":\"https:\/\/www.campinglesviolettes.fr\/en\/campsite-re-island\/\",\"url\":\"https:\/\/www.campinglesviolettes.fr\/en\/campsite-re-island\/\",\"name\":\"Camping near Ile de R\u00e9 | Visits, activities to do on the Ile de R\u00e9\",\"isPartOf\":{\"@id\":\"https:\/\/www.campinglesviolettes.fr\/#website\"},\"primaryImageOfPage\":{\"@id\":\"https:\/\/www.campinglesviolettes.fr\/en\/campsite-re-island\/#primaryimage\"},\"image\":{\"@id\":\"https:\/\/www.campinglesviolettes.fr\/en\/campsite-re-island\/#primaryimage\"},\"thumbnailUrl\":\"https:\/\/www.campinglesviolettes.fr\/wp-content\/uploads\/2022\/12\/il-de-re-phare.jpg\",\"datePublished\":\"2022-12-26T09:15:31+00:00\",\"dateModified\":\"2022-12-26T12:44:11+00:00\",\"description\":\"Discover the island of R\u00e9 from the 4-star Les Violettes campsite, ideally located on the seafront with a sea view and direct access to the beach for your holidays\",\"breadcrumb\":{\"@id\":\"https:\/\/www.campinglesviolettes.fr\/en\/campsite-re-island\/#breadcrumb\"},\"inLanguage\":\"en-US\",\"potentialAction\":[{\"@type\":\"ReadAction\",\"target\":[\"https:\/\/www.campinglesviolettes.fr\/en\/campsite-re-island\/\"]}]},{\"@type\":\"ImageObject\",\"inLanguage\":\"en-US\",\"@id\":\"https:\/\/www.campinglesviolettes.fr\/en\/campsite-re-island\/#primaryimage\",\"url\":\"https:\/\/www.campinglesviolettes.fr\/wp-content\/uploads\/2022\/12\/il-de-re-phare.jpg\",\"contentUrl\":\"https:\/\/www.campinglesviolettes.fr\/wp-content\/uploads\/2022\/12\/il-de-re-phare.jpg\",\"width\":1750,\"height\":656,\"caption\":\"il de r\u00e9 phare\"},{\"@type\":\"BreadcrumbList\",\"@id\":\"https:\/\/www.campinglesviolettes.fr\/en\/campsite-re-island\/#breadcrumb\",\"itemListElement\":[{\"@type\":\"ListItem\",\"position\":1,\"name\":\"Camping Vend\u00e9e\",\"item\":\"https:\/\/www.campinglesviolettes.fr\/en\/\"},{\"@type\":\"ListItem\",\"position\":2,\"name\":\"Camping near the Ile de R\u00e9\"}]},{\"@type\":\"WebSite\",\"@id\":\"https:\/\/www.campinglesviolettes.fr\/#website\",\"url\":\"https:\/\/www.campinglesviolettes.fr\/\",\"name\":\"Camping Les Violettes\",\"description\":\"\",\"publisher\":{\"@id\":\"https:\/\/www.campinglesviolettes.fr\/#organization\"},\"potentialAction\":[{\"@type\":\"SearchAction\",\"target\":{\"@type\":\"EntryPoint\",\"urlTemplate\":\"https:\/\/www.campinglesviolettes.fr\/?s={search_term_string}\"},\"query-input\":{\"@type\":\"PropertyValueSpecification\",\"valueRequired\":true,\"valueName\":\"search_term_string\"}}],\"inLanguage\":\"en-US\"},{\"@type\":\"Organization\",\"@id\":\"https:\/\/www.campinglesviolettes.fr\/#organization\",\"name\":\"Camping Les Violettes\",\"url\":\"https:\/\/www.campinglesviolettes.fr\/\",\"logo\":{\"@type\":\"ImageObject\",\"inLanguage\":\"en-US\",\"@id\":\"https:\/\/www.campinglesviolettes.fr\/#\/schema\/logo\/image\/\",\"url\":\"https:\/\/www.campinglesviolettes.fr\/wp-content\/uploads\/2022\/12\/logo-camping-les-violettes.png\",\"contentUrl\":\"https:\/\/www.campinglesviolettes.fr\/wp-content\/uploads\/2022\/12\/logo-camping-les-violettes.png\",\"width\":261,\"height\":289,\"caption\":\"Camping Les Violettes\"},\"image\":{\"@id\":\"https:\/\/www.campinglesviolettes.fr\/#\/schema\/logo\/image\/\"}}]}<\/script>\n<!-- \/ Yoast SEO plugin. -->","yoast_head_json":{"title":"Camping near Ile de R\u00e9 | Visits, activities to do on the Ile de R\u00e9","description":"Discover the island of R\u00e9 from the 4-star Les Violettes campsite, ideally located on the seafront with a sea view and direct access to the beach for your holidays","robots":{"index":"index","follow":"follow","max-snippet":"max-snippet:-1","max-image-preview":"max-image-preview:large","max-video-preview":"max-video-preview:-1"},"canonical":"https:\/\/www.campinglesviolettes.fr\/en\/campsite-re-island\/","og_locale":"en_US","og_type":"article","og_title":"Camping near Ile de R\u00e9 | Visits, activities to do on the Ile de R\u00e9","og_description":"Discover the island of R\u00e9 from the 4-star Les Violettes campsite, ideally located on the seafront with a sea view and direct access to the beach for your holidays","og_url":"https:\/\/www.campinglesviolettes.fr\/en\/campsite-re-island\/","og_site_name":"Camping Les Violettes","article_modified_time":"2022-12-26T12:44:11+00:00","og_image":[{"width":1750,"height":656,"url":"https:\/\/www.campinglesviolettes.fr\/wp-content\/uploads\/2022\/12\/il-de-re-phare.jpg","type":"image\/jpeg"}],"twitter_card":"summary_large_image","twitter_misc":{"Est. reading time":"3 minutes"},"schema":{"@context":"https:\/\/schema.org","@graph":[{"@type":"WebPage","@id":"https:\/\/www.campinglesviolettes.fr\/en\/campsite-re-island\/","url":"https:\/\/www.campinglesviolettes.fr\/en\/campsite-re-island\/","name":"Camping near Ile de R\u00e9 | Visits, activities to do on the Ile de R\u00e9","isPartOf":{"@id":"https:\/\/www.campinglesviolettes.fr\/#website"},"primaryImageOfPage":{"@id":"https:\/\/www.campinglesviolettes.fr\/en\/campsite-re-island\/#primaryimage"},"image":{"@id":"https:\/\/www.campinglesviolettes.fr\/en\/campsite-re-island\/#primaryimage"},"thumbnailUrl":"https:\/\/www.campinglesviolettes.fr\/wp-content\/uploads\/2022\/12\/il-de-re-phare.jpg","datePublished":"2022-12-26T09:15:31+00:00","dateModified":"2022-12-26T12:44:11+00:00","description":"Discover the island of R\u00e9 from the 4-star Les Violettes campsite, ideally located on the seafront with a sea view and direct access to the beach for your holidays","breadcrumb":{"@id":"https:\/\/www.campinglesviolettes.fr\/en\/campsite-re-island\/#breadcrumb"},"inLanguage":"en-US","potentialAction":[{"@type":"ReadAction","target":["https:\/\/www.campinglesviolettes.fr\/en\/campsite-re-island\/"]}]},{"@type":"ImageObject","inLanguage":"en-US","@id":"https:\/\/www.campinglesviolettes.fr\/en\/campsite-re-island\/#primaryimage","url":"https:\/\/www.campinglesviolettes.fr\/wp-content\/uploads\/2022\/12\/il-de-re-phare.jpg","contentUrl":"https:\/\/www.campinglesviolettes.fr\/wp-content\/uploads\/2022\/12\/il-de-re-phare.jpg","width":1750,"height":656,"caption":"il de r\u00e9 phare"},{"@type":"BreadcrumbList","@id":"https:\/\/www.campinglesviolettes.fr\/en\/campsite-re-island\/#breadcrumb","itemListElement":[{"@type":"ListItem","position":1,"name":"Camping Vend\u00e9e","item":"https:\/\/www.campinglesviolettes.fr\/en\/"},{"@type":"ListItem","position":2,"name":"Camping near the Ile de R\u00e9"}]},{"@type":"WebSite","@id":"https:\/\/www.campinglesviolettes.fr\/#website","url":"https:\/\/www.campinglesviolettes.fr\/","name":"Camping Les Violettes","description":"","publisher":{"@id":"https:\/\/www.campinglesviolettes.fr\/#organization"},"potentialAction":[{"@type":"SearchAction","target":{"@type":"EntryPoint","urlTemplate":"https:\/\/www.campinglesviolettes.fr\/?s={search_term_string}"},"query-input":{"@type":"PropertyValueSpecification","valueRequired":true,"valueName":"search_term_string"}}],"inLanguage":"en-US"},{"@type":"Organization","@id":"https:\/\/www.campinglesviolettes.fr\/#organization","name":"Camping Les Violettes","url":"https:\/\/www.campinglesviolettes.fr\/","logo":{"@type":"ImageObject","inLanguage":"en-US","@id":"https:\/\/www.campinglesviolettes.fr\/#\/schema\/logo\/image\/","url":"https:\/\/www.campinglesviolettes.fr\/wp-content\/uploads\/2022\/12\/logo-camping-les-violettes.png","contentUrl":"https:\/\/www.campinglesviolettes.fr\/wp-content\/uploads\/2022\/12\/logo-camping-les-violettes.png","width":261,"height":289,"caption":"Camping Les Violettes"},"image":{"@id":"https:\/\/www.campinglesviolettes.fr\/#\/schema\/logo\/image\/"}}]}},"_links":{"self":[{"href":"https:\/\/www.campinglesviolettes.fr\/en\/wp-json\/wp\/v2\/pages\/1971","targetHints":{"allow":["GET"]}}],"collection":[{"href":"https:\/\/www.campinglesviolettes.fr\/en\/wp-json\/wp\/v2\/pages"}],"about":[{"href":"https:\/\/www.campinglesviolettes.fr\/en\/wp-json\/wp\/v2\/types\/page"}],"author":[{"embeddable":true,"href":"https:\/\/www.campinglesviolettes.fr\/en\/wp-json\/wp\/v2\/users\/1"}],"replies":[{"embeddable":true,"href":"https:\/\/www.campinglesviolettes.fr\/en\/wp-json\/wp\/v2\/comments?post=1971"}],"version-history":[{"count":5,"href":"https:\/\/www.campinglesviolettes.fr\/en\/wp-json\/wp\/v2\/pages\/1971\/revisions"}],"predecessor-version":[{"id":2049,"href":"https:\/\/www.campinglesviolettes.fr\/en\/wp-json\/wp\/v2\/pages\/1971\/revisions\/2049"}],"wp:featuredmedia":[{"embeddable":true,"href":"https:\/\/www.campinglesviolettes.fr\/en\/wp-json\/wp\/v2\/media\/987"}],"wp:attachment":[{"href":"https:\/\/www.campinglesviolettes.fr\/en\/wp-json\/wp\/v2\/media?parent=1971"}],"wp:term":[{"taxonomy":"sujet","embeddable":true,"href":"https:\/\/www.campinglesviolettes.fr\/en\/wp-json\/wp\/v2\/sujet?post=1971"}],"curies":[{"name":"wp","href":"https:\/\/api.w.org\/{rel}","templated":true}]}}