{"id":1952,"date":"2022-12-26T09:55:06","date_gmt":"2022-12-26T08:55:06","guid":{"rendered":"https:\/\/www.campinglesviolettes.fr\/espace-aquatique\/"},"modified":"2024-01-18T12:20:40","modified_gmt":"2024-01-18T11:20:40","slug":"campsite-aquatic-area-faute-sur-mer","status":"publish","type":"page","link":"https:\/\/www.campinglesviolettes.fr\/en\/campsite-aquatic-area-faute-sur-mer\/","title":{"rendered":"Espace aquatique"},"content":{"rendered":"<section id=\"ls-section-block_73eb1a8d69c4f6011b56c9bc3519b564\" class=\"ls-section  home-first page-one\" >\r\n        <div class=\"container container--full\">\r\n        \n\n<h1 class=\"ls__heading wp-block-heading has-text-align-center\">The water park at camping La Faute-sur-Mer<\/h1>\n\n\n\n<p class=\"ls-paragraph has-text-align-center red\">Swimming shorts and burkinis are not allowed in our pools<\/p>\n\n\n\n<div class=\"wp-block-columns are-vertically-aligned-center is-layout-flex wp-container-core-columns-is-layout-9d6595d7 wp-block-columns-is-layout-flex\">\n<div class=\"wp-block-column is-vertically-aligned-center animated fadeInLeft slow is-layout-flow wp-block-column-is-layout-flow\" style=\"flex-basis:50%\">\n<h2 class=\"ls__heading wp-block-heading m-t-0\"><strong>Our aquatic area in the Vend\u00e9e<\/strong><\/h2>\n\n\n\n<p class=\"ls-paragraph\">The water park at <a href=\"\/en\/\">Les Violettes campsite in La Faute-sur-Mer<\/a> is open from April to September. There are 2 <strong>swimming pools<\/strong> and a <strong>paddling pool<\/strong> for younger children. The outdoor swimming pool is <strong>heated from May to September<\/strong> and will allow you to perfect your tan while relaxing in the open air.<\/p>\n\n\n\n<p class=\"ls-paragraph\">Inside, we have a heated swimming pool to make the most of it, even if the weather is not good for sunbathing. <strong>Water activities<\/strong> are offered in season.<\/p>\n\n\n\n<p class=\"ls-paragraph\">The outdoor pool, the paddling pool and the <strong>slide<\/strong> are open from 10am to 8pm every day in high season and from 10am to 7pm in low season. Even if sunbathing and sunbathing have been taken hostage by the bad weather, you can still enjoy a swim during your stay! We have thought of everything for your comfort! <br>We remind you that swimming shorts are forbidden and that swimming is not supervised.<br>The aquatic area is accessible with your wristbands which will have been given to you at the reception on your arrival.<\/p>\n<\/div>\n\n\n\n<div class=\"wp-block-column is-vertically-aligned-center is-layout-flow wp-block-column-is-layout-flow\" style=\"flex-basis:50%\">\n<figure class=\"wp-block-gallery has-nested-images columns-2 is-cropped wp-block-gallery-1 is-layout-flex wp-block-gallery-is-layout-flex\">\n<figure class=\"wp-block-image size-full image-1 animated fadeInRight slow\"><a href=\"https:\/\/www.campinglesviolettes.fr\/wp-content\/uploads\/2022\/12\/piscine-chauffe.jpg\"><img decoding=\"async\" width=\"750\" height=\"656\" data-id=\"819\" src=\"https:\/\/www.campinglesviolettes.fr\/wp-content\/uploads\/2022\/12\/piscine-chauffe.jpg\" alt=\"camping piscine chauff\u00e9e vendee\" class=\"wp-image-819\" srcset=\"https:\/\/www.campinglesviolettes.fr\/wp-content\/uploads\/2022\/12\/piscine-chauffe.jpg 750w, https:\/\/www.campinglesviolettes.fr\/wp-content\/uploads\/2022\/12\/piscine-chauffe-300x262.jpg 300w\" sizes=\"(max-width: 750px) 100vw, 750px\" \/><\/a><\/figure>\n\n\n\n<figure class=\"wp-block-image size-full image-4 animated fadeInRight delay-500ms slow\"><a href=\"https:\/\/www.campinglesviolettes.fr\/wp-content\/uploads\/2022\/12\/cocktails-bord-de-piscine.jpg\"><img decoding=\"async\" width=\"750\" height=\"656\" data-id=\"854\" src=\"https:\/\/www.campinglesviolettes.fr\/wp-content\/uploads\/2022\/12\/cocktails-bord-de-piscine.jpg\" alt=\"espace aquatique la faute sur mer\" class=\"wp-image-854\" srcset=\"https:\/\/www.campinglesviolettes.fr\/wp-content\/uploads\/2022\/12\/cocktails-bord-de-piscine.jpg 750w, https:\/\/www.campinglesviolettes.fr\/wp-content\/uploads\/2022\/12\/cocktails-bord-de-piscine-300x262.jpg 300w\" sizes=\"(max-width: 750px) 100vw, 750px\" \/><\/a><\/figure>\n<\/figure>\n<\/div>\n<\/div>\n\n\r\n    <\/div>\r\n<\/section>\n\n<section id=\"ls-section-block_53d2a8749b269821e304387d87271ce4\" class=\"ls-section  home-first page-one-bis has-background has-color-3-background-color\" >\r\n        <div class=\"container container--full\">\r\n        \n\n<div class=\"wp-block-columns are-vertically-aligned-center is-layout-flex wp-container-core-columns-is-layout-9d6595d7 wp-block-columns-is-layout-flex\">\n<div class=\"wp-block-column is-vertically-aligned-center is-layout-flow wp-block-column-is-layout-flow\" style=\"flex-basis:50%\">\n<figure class=\"wp-block-gallery has-nested-images columns-2 is-cropped wp-block-gallery-2 is-layout-flex wp-block-gallery-is-layout-flex\">\n<figure class=\"wp-block-image size-full image-1 animated fadeInRight slow\"><a href=\"https:\/\/www.campinglesviolettes.fr\/wp-content\/uploads\/2022\/12\/Sans-titre-3-1.jpg\"><img decoding=\"async\" width=\"750\" height=\"656\" data-id=\"848\" src=\"https:\/\/www.campinglesviolettes.fr\/wp-content\/uploads\/2022\/12\/Sans-titre-3-1.jpg\" alt=\"camping piscine vendee\" class=\"wp-image-848\" srcset=\"https:\/\/www.campinglesviolettes.fr\/wp-content\/uploads\/2022\/12\/Sans-titre-3-1.jpg 750w, https:\/\/www.campinglesviolettes.fr\/wp-content\/uploads\/2022\/12\/Sans-titre-3-1-300x262.jpg 300w\" sizes=\"(max-width: 750px) 100vw, 750px\" \/><\/a><\/figure>\n\n\n\n<figure class=\"wp-block-image size-full image-4 animated fadeInRight delay-500ms slow\"><a href=\"https:\/\/www.campinglesviolettes.fr\/wp-content\/uploads\/2022\/12\/piscine-avec-pataugeoire.jpg\"><img decoding=\"async\" width=\"750\" height=\"656\" data-id=\"821\" src=\"https:\/\/www.campinglesviolettes.fr\/wp-content\/uploads\/2022\/12\/piscine-avec-pataugeoire.jpg\" alt=\"piscine avec pataugeoire\" class=\"wp-image-821\" srcset=\"https:\/\/www.campinglesviolettes.fr\/wp-content\/uploads\/2022\/12\/piscine-avec-pataugeoire.jpg 750w, https:\/\/www.campinglesviolettes.fr\/wp-content\/uploads\/2022\/12\/piscine-avec-pataugeoire-300x262.jpg 300w\" sizes=\"(max-width: 750px) 100vw, 750px\" \/><\/a><\/figure>\n<\/figure>\n<\/div>\n\n\n\n<div class=\"wp-block-column is-vertically-aligned-center animated fadeInLeft slow is-layout-flow wp-block-column-is-layout-flow\" style=\"flex-basis:50%\">\n<h2 class=\"ls__heading wp-block-heading\">The outdoor pool, the heated paddling pool in the Vend\u00e9e<\/h2>\n\n\n\n<p class=\"ls-paragraph\">Camping Les Violettes is proud to present a second <strong>heated and covered swimming pool <\/strong>! Enjoy a swim even if the weather is not good!<\/p>\n\n\n\n<p class=\"ls-paragraph\">Our campsite with a heated swimming pool allows you to take a dip in the outdoor pool and to let your children enjoy the paddling pool! The outdoor swimming pool is ideal on sunny days for sunbathing and working on your tan.<\/p>\n\n\n\n<p class=\"ls-paragraph\">Equipped with a fun slide, the open-air pool is a great place to spend time with friends and family! <br>A little thirsty? See you on the terrace of our bar next to the aquatic area!<\/p>\n\n\n\n<p class=\"ls-paragraph\">The indoor pool is heated from the opening to the closing of the season. The open swimming pool is heated from 13 May to 17 September 2023.<\/p>\n<\/div>\n<\/div>\n\n\r\n    <\/div>\r\n<\/section>\n\n<section id=\"ls-section-block_f0874d257132ed3f39a6d029e111e4e2\" class=\"ls-section  page-two animated fadeIn slow has-background-image has-parallax\" >\r\n    <div class=\"ls-section__background-image opacity-100\"><img decoding=\"async\" src=\"https:\/\/www.campinglesviolettes.fr\/wp-content\/uploads\/2022\/12\/toboggan.jpg\" alt=\"toboggan\"><\/div>    <div class=\"container container--small\">\r\n        \n\n<h2 class=\"ls__heading wp-block-heading has-text-align-center\">Heated swimming pool with water slide<\/h2>\n\n\n\n<p class=\"ls-paragraph has-text-align-center\">Take advantage of our <strong>heated swimming pool<\/strong> to have a good time with your family! The slide will delight young and old, so you can be together for this essential holiday activity!<\/p>\n\n\n\n<p class=\"ls-paragraph has-text-align-center\">To make the most of the Vend\u00e9e sunshine, take advantage of our <strong>many deckchairs<\/strong>, installed at the edge of the two pools. If you want to have a refreshment, sit on the terrace of our bar, which overlooks the water area.<\/p>\n\n\n\n<p class=\"ls-paragraph has-text-align-center\">So don&#8217;t forget to bring your shirts!<\/p>\n\n\n\n<p class=\"ls-paragraph has-text-align-center\">The aquatic area is accessible to people with reduced mobility.<\/p>\n\n\r\n    <\/div>\r\n<\/section>\n\n<section id=\"ls-section-block_cd09780588ffc54076cf90a239df43e1\" class=\"ls-section  page-maillage m-t-0\" >\r\n        <div class=\"container container--wide\">\r\n        \n\n<div id=\"ls-heading ls-titre-div-block_52cd59c740c8772df52e6ef93ee5f189\" class=\"ls-titre-div aligncenter h2-like\" >\n    Discover the <strong>animations<\/strong> and the <strong>chalets<\/strong> of our campsite<\/div>\n\n\n<div id=\"ls-maillage-block_88b059d1fffef09c139a6b4a5b517a94\" class=\"ls-maillage cta-style-normal\" data-rows=\"3\">\r\n    <div class=\"wp-block-columns\"><div class=\"wp-block-column\"><div class=\"ls-cta\">\n\n<a href=\"https:\/\/www.campinglesviolettes.fr\/en\/camping-activites-faute-sur-mer\/\" target=\"\" rel=\"noopener\" class=\"ls-cta__link\">\n\n\t<div class=\"ls-cta__image\"><img decoding=\"async\" src=\"https:\/\/www.campinglesviolettes.fr\/wp-content\/uploads\/2022\/12\/animation-camping.jpg\" alt=\"animation camping\"><\/div>\t<div class=\"ls-cta__content\">\n\t\t<div class=\"ls-cta__title\">\n\t\t\tEntertainment and facilities\t\t<\/div>\n\n\t\t\t<\/div>\n\t<span class=\"violettes-plus\"><\/span>\n<\/a><\/div><\/div><div class=\"wp-block-column\"><div class=\"ls-cta\">\n\n<a href=\"https:\/\/www.campinglesviolettes.fr\/en\/rental-chalet-faute-sur-mer\/\" target=\"\" rel=\"noopener\" class=\"ls-cta__link\">\n\n\t<div class=\"ls-cta__image\"><img decoding=\"async\" src=\"https:\/\/www.campinglesviolettes.fr\/wp-content\/uploads\/2022\/12\/YUN00262-768x432.jpg\" alt=\"hebergements mobil home violettes\"><\/div>\t<div class=\"ls-cta__content\">\n\t\t<div class=\"ls-cta__title\">\n\t\t\tOur Chalets \t\t<\/div>\n\n\t\t\t<\/div>\n\t<span class=\"violettes-plus\"><\/span>\n<\/a><\/div><\/div><div class=\"wp-block-column\"><div class=\"ls-cta\">\n\n<a href=\"https:\/\/www.campinglesviolettes.fr\/en\/eco-camping-faute-sur-mer\/\" target=\"\" rel=\"noopener\" class=\"ls-cta__link\">\n\n\t<div class=\"ls-cta__image\"><img decoding=\"async\" src=\"https:\/\/www.campinglesviolettes.fr\/wp-content\/uploads\/2022\/12\/manu-et-lucie-les-violettes.jpg\" alt=\"manu et lucie\"><\/div>\t<div class=\"ls-cta__content\">\n\t\t<div class=\"ls-cta__title\">\n\t\t\tThe spirit of the campsite\t\t<\/div>\n\n\t\t\t<\/div>\n\t<span class=\"violettes-plus\"><\/span>\n<\/a><\/div><\/div><\/div><\/div>\n\r\n    <\/div>\r\n<\/section>","protected":false},"excerpt":{"rendered":"","protected":false},"author":1,"featured_media":844,"parent":0,"menu_order":0,"comment_status":"closed","ping_status":"closed","template":"","meta":{"_acf_changed":false,"footnotes":""},"sujet":[],"class_list":["post-1952","page","type-page","status-publish","has-post-thumbnail","hentry"],"acf":[],"yoast_head":"<!-- This site is optimized with the Yoast SEO plugin v25.3 - https:\/\/yoast.com\/wordpress\/plugins\/seo\/ -->\n<title>Swimming pool campsite Vend\u00e9e | Camping piscine chauff\u00e9e \u00e0 la Faute-sur-Mer<\/title>\n<meta name=\"description\" content=\"Campsite with 2 swimming pools, one covered and heated and one outdoor pool with water slide at La Faute sur Mer in the Vend\u00e9e with access to the beach and the sea.\" \/>\n<meta name=\"robots\" content=\"index, follow, max-snippet:-1, max-image-preview:large, max-video-preview:-1\" \/>\n<link rel=\"canonical\" href=\"https:\/\/www.campinglesviolettes.fr\/en\/campsite-aquatic-area-faute-sur-mer\/\" \/>\n<meta property=\"og:locale\" content=\"en_US\" \/>\n<meta property=\"og:type\" content=\"article\" \/>\n<meta property=\"og:title\" content=\"Swimming pool campsite Vend\u00e9e | Camping piscine chauff\u00e9e \u00e0 la Faute-sur-Mer\" \/>\n<meta property=\"og:description\" content=\"Campsite with 2 swimming pools, one covered and heated and one outdoor pool with water slide at La Faute sur Mer in the Vend\u00e9e with access to the beach and the sea.\" \/>\n<meta property=\"og:url\" content=\"https:\/\/www.campinglesviolettes.fr\/en\/campsite-aquatic-area-faute-sur-mer\/\" \/>\n<meta property=\"og:site_name\" content=\"Camping Les Violettes\" \/>\n<meta property=\"article:modified_time\" content=\"2024-01-18T11:20:40+00:00\" \/>\n<meta property=\"og:image\" content=\"https:\/\/www.campinglesviolettes.fr\/wp-content\/uploads\/2022\/12\/les-violettes-2-piscines.jpg\" \/>\n\t<meta property=\"og:image:width\" content=\"1750\" \/>\n\t<meta property=\"og:image:height\" content=\"656\" \/>\n\t<meta property=\"og:image:type\" content=\"image\/jpeg\" \/>\n<meta name=\"twitter:card\" content=\"summary_large_image\" \/>\n<meta name=\"twitter:label1\" content=\"Est. reading time\" \/>\n\t<meta name=\"twitter:data1\" content=\"4 minutes\" \/>\n<script type=\"application\/ld+json\" class=\"yoast-schema-graph\">{\"@context\":\"https:\/\/schema.org\",\"@graph\":[{\"@type\":\"WebPage\",\"@id\":\"https:\/\/www.campinglesviolettes.fr\/en\/campsite-aquatic-area-faute-sur-mer\/\",\"url\":\"https:\/\/www.campinglesviolettes.fr\/en\/campsite-aquatic-area-faute-sur-mer\/\",\"name\":\"Swimming pool campsite Vend\u00e9e | Camping piscine chauff\u00e9e \u00e0 la Faute-sur-Mer\",\"isPartOf\":{\"@id\":\"https:\/\/www.campinglesviolettes.fr\/#website\"},\"primaryImageOfPage\":{\"@id\":\"https:\/\/www.campinglesviolettes.fr\/en\/campsite-aquatic-area-faute-sur-mer\/#primaryimage\"},\"image\":{\"@id\":\"https:\/\/www.campinglesviolettes.fr\/en\/campsite-aquatic-area-faute-sur-mer\/#primaryimage\"},\"thumbnailUrl\":\"https:\/\/www.campinglesviolettes.fr\/wp-content\/uploads\/2022\/12\/les-violettes-2-piscines.jpg\",\"datePublished\":\"2022-12-26T08:55:06+00:00\",\"dateModified\":\"2024-01-18T11:20:40+00:00\",\"description\":\"Campsite with 2 swimming pools, one covered and heated and one outdoor pool with water slide at La Faute sur Mer in the Vend\u00e9e with access to the beach and the sea.\",\"breadcrumb\":{\"@id\":\"https:\/\/www.campinglesviolettes.fr\/en\/campsite-aquatic-area-faute-sur-mer\/#breadcrumb\"},\"inLanguage\":\"en-US\",\"potentialAction\":[{\"@type\":\"ReadAction\",\"target\":[\"https:\/\/www.campinglesviolettes.fr\/en\/campsite-aquatic-area-faute-sur-mer\/\"]}]},{\"@type\":\"ImageObject\",\"inLanguage\":\"en-US\",\"@id\":\"https:\/\/www.campinglesviolettes.fr\/en\/campsite-aquatic-area-faute-sur-mer\/#primaryimage\",\"url\":\"https:\/\/www.campinglesviolettes.fr\/wp-content\/uploads\/2022\/12\/les-violettes-2-piscines.jpg\",\"contentUrl\":\"https:\/\/www.campinglesviolettes.fr\/wp-content\/uploads\/2022\/12\/les-violettes-2-piscines.jpg\",\"width\":1750,\"height\":656,\"caption\":\"les violettes 2 piscine\"},{\"@type\":\"BreadcrumbList\",\"@id\":\"https:\/\/www.campinglesviolettes.fr\/en\/campsite-aquatic-area-faute-sur-mer\/#breadcrumb\",\"itemListElement\":[{\"@type\":\"ListItem\",\"position\":1,\"name\":\"Camping Vend\u00e9e\",\"item\":\"https:\/\/www.campinglesviolettes.fr\/en\/\"},{\"@type\":\"ListItem\",\"position\":2,\"name\":\"Campsite with swimming pool in Vend\u00e9e\"}]},{\"@type\":\"WebSite\",\"@id\":\"https:\/\/www.campinglesviolettes.fr\/#website\",\"url\":\"https:\/\/www.campinglesviolettes.fr\/\",\"name\":\"Camping Les Violettes\",\"description\":\"\",\"publisher\":{\"@id\":\"https:\/\/www.campinglesviolettes.fr\/#organization\"},\"potentialAction\":[{\"@type\":\"SearchAction\",\"target\":{\"@type\":\"EntryPoint\",\"urlTemplate\":\"https:\/\/www.campinglesviolettes.fr\/?s={search_term_string}\"},\"query-input\":{\"@type\":\"PropertyValueSpecification\",\"valueRequired\":true,\"valueName\":\"search_term_string\"}}],\"inLanguage\":\"en-US\"},{\"@type\":\"Organization\",\"@id\":\"https:\/\/www.campinglesviolettes.fr\/#organization\",\"name\":\"Camping Les Violettes\",\"url\":\"https:\/\/www.campinglesviolettes.fr\/\",\"logo\":{\"@type\":\"ImageObject\",\"inLanguage\":\"en-US\",\"@id\":\"https:\/\/www.campinglesviolettes.fr\/#\/schema\/logo\/image\/\",\"url\":\"https:\/\/www.campinglesviolettes.fr\/wp-content\/uploads\/2022\/12\/logo-camping-les-violettes.png\",\"contentUrl\":\"https:\/\/www.campinglesviolettes.fr\/wp-content\/uploads\/2022\/12\/logo-camping-les-violettes.png\",\"width\":261,\"height\":289,\"caption\":\"Camping Les Violettes\"},\"image\":{\"@id\":\"https:\/\/www.campinglesviolettes.fr\/#\/schema\/logo\/image\/\"}}]}<\/script>\n<!-- \/ Yoast SEO plugin. -->","yoast_head_json":{"title":"Swimming pool campsite Vend\u00e9e | Camping piscine chauff\u00e9e \u00e0 la Faute-sur-Mer","description":"Campsite with 2 swimming pools, one covered and heated and one outdoor pool with water slide at La Faute sur Mer in the Vend\u00e9e with access to the beach and the sea.","robots":{"index":"index","follow":"follow","max-snippet":"max-snippet:-1","max-image-preview":"max-image-preview:large","max-video-preview":"max-video-preview:-1"},"canonical":"https:\/\/www.campinglesviolettes.fr\/en\/campsite-aquatic-area-faute-sur-mer\/","og_locale":"en_US","og_type":"article","og_title":"Swimming pool campsite Vend\u00e9e | Camping piscine chauff\u00e9e \u00e0 la Faute-sur-Mer","og_description":"Campsite with 2 swimming pools, one covered and heated and one outdoor pool with water slide at La Faute sur Mer in the Vend\u00e9e with access to the beach and the sea.","og_url":"https:\/\/www.campinglesviolettes.fr\/en\/campsite-aquatic-area-faute-sur-mer\/","og_site_name":"Camping Les Violettes","article_modified_time":"2024-01-18T11:20:40+00:00","og_image":[{"width":1750,"height":656,"url":"https:\/\/www.campinglesviolettes.fr\/wp-content\/uploads\/2022\/12\/les-violettes-2-piscines.jpg","type":"image\/jpeg"}],"twitter_card":"summary_large_image","twitter_misc":{"Est. reading time":"4 minutes"},"schema":{"@context":"https:\/\/schema.org","@graph":[{"@type":"WebPage","@id":"https:\/\/www.campinglesviolettes.fr\/en\/campsite-aquatic-area-faute-sur-mer\/","url":"https:\/\/www.campinglesviolettes.fr\/en\/campsite-aquatic-area-faute-sur-mer\/","name":"Swimming pool campsite Vend\u00e9e | Camping piscine chauff\u00e9e \u00e0 la Faute-sur-Mer","isPartOf":{"@id":"https:\/\/www.campinglesviolettes.fr\/#website"},"primaryImageOfPage":{"@id":"https:\/\/www.campinglesviolettes.fr\/en\/campsite-aquatic-area-faute-sur-mer\/#primaryimage"},"image":{"@id":"https:\/\/www.campinglesviolettes.fr\/en\/campsite-aquatic-area-faute-sur-mer\/#primaryimage"},"thumbnailUrl":"https:\/\/www.campinglesviolettes.fr\/wp-content\/uploads\/2022\/12\/les-violettes-2-piscines.jpg","datePublished":"2022-12-26T08:55:06+00:00","dateModified":"2024-01-18T11:20:40+00:00","description":"Campsite with 2 swimming pools, one covered and heated and one outdoor pool with water slide at La Faute sur Mer in the Vend\u00e9e with access to the beach and the sea.","breadcrumb":{"@id":"https:\/\/www.campinglesviolettes.fr\/en\/campsite-aquatic-area-faute-sur-mer\/#breadcrumb"},"inLanguage":"en-US","potentialAction":[{"@type":"ReadAction","target":["https:\/\/www.campinglesviolettes.fr\/en\/campsite-aquatic-area-faute-sur-mer\/"]}]},{"@type":"ImageObject","inLanguage":"en-US","@id":"https:\/\/www.campinglesviolettes.fr\/en\/campsite-aquatic-area-faute-sur-mer\/#primaryimage","url":"https:\/\/www.campinglesviolettes.fr\/wp-content\/uploads\/2022\/12\/les-violettes-2-piscines.jpg","contentUrl":"https:\/\/www.campinglesviolettes.fr\/wp-content\/uploads\/2022\/12\/les-violettes-2-piscines.jpg","width":1750,"height":656,"caption":"les violettes 2 piscine"},{"@type":"BreadcrumbList","@id":"https:\/\/www.campinglesviolettes.fr\/en\/campsite-aquatic-area-faute-sur-mer\/#breadcrumb","itemListElement":[{"@type":"ListItem","position":1,"name":"Camping Vend\u00e9e","item":"https:\/\/www.campinglesviolettes.fr\/en\/"},{"@type":"ListItem","position":2,"name":"Campsite with swimming pool in Vend\u00e9e"}]},{"@type":"WebSite","@id":"https:\/\/www.campinglesviolettes.fr\/#website","url":"https:\/\/www.campinglesviolettes.fr\/","name":"Camping Les Violettes","description":"","publisher":{"@id":"https:\/\/www.campinglesviolettes.fr\/#organization"},"potentialAction":[{"@type":"SearchAction","target":{"@type":"EntryPoint","urlTemplate":"https:\/\/www.campinglesviolettes.fr\/?s={search_term_string}"},"query-input":{"@type":"PropertyValueSpecification","valueRequired":true,"valueName":"search_term_string"}}],"inLanguage":"en-US"},{"@type":"Organization","@id":"https:\/\/www.campinglesviolettes.fr\/#organization","name":"Camping Les Violettes","url":"https:\/\/www.campinglesviolettes.fr\/","logo":{"@type":"ImageObject","inLanguage":"en-US","@id":"https:\/\/www.campinglesviolettes.fr\/#\/schema\/logo\/image\/","url":"https:\/\/www.campinglesviolettes.fr\/wp-content\/uploads\/2022\/12\/logo-camping-les-violettes.png","contentUrl":"https:\/\/www.campinglesviolettes.fr\/wp-content\/uploads\/2022\/12\/logo-camping-les-violettes.png","width":261,"height":289,"caption":"Camping Les Violettes"},"image":{"@id":"https:\/\/www.campinglesviolettes.fr\/#\/schema\/logo\/image\/"}}]}},"_links":{"self":[{"href":"https:\/\/www.campinglesviolettes.fr\/en\/wp-json\/wp\/v2\/pages\/1952","targetHints":{"allow":["GET"]}}],"collection":[{"href":"https:\/\/www.campinglesviolettes.fr\/en\/wp-json\/wp\/v2\/pages"}],"about":[{"href":"https:\/\/www.campinglesviolettes.fr\/en\/wp-json\/wp\/v2\/types\/page"}],"author":[{"embeddable":true,"href":"https:\/\/www.campinglesviolettes.fr\/en\/wp-json\/wp\/v2\/users\/1"}],"replies":[{"embeddable":true,"href":"https:\/\/www.campinglesviolettes.fr\/en\/wp-json\/wp\/v2\/comments?post=1952"}],"version-history":[{"count":8,"href":"https:\/\/www.campinglesviolettes.fr\/en\/wp-json\/wp\/v2\/pages\/1952\/revisions"}],"predecessor-version":[{"id":2373,"href":"https:\/\/www.campinglesviolettes.fr\/en\/wp-json\/wp\/v2\/pages\/1952\/revisions\/2373"}],"wp:featuredmedia":[{"embeddable":true,"href":"https:\/\/www.campinglesviolettes.fr\/en\/wp-json\/wp\/v2\/media\/844"}],"wp:attachment":[{"href":"https:\/\/www.campinglesviolettes.fr\/en\/wp-json\/wp\/v2\/media?parent=1952"}],"wp:term":[{"taxonomy":"sujet","embeddable":true,"href":"https:\/\/www.campinglesviolettes.fr\/en\/wp-json\/wp\/v2\/sujet?post=1952"}],"curies":[{"name":"wp","href":"https:\/\/api.w.org\/{rel}","templated":true}]}}